{"id":5536,"date":"2023-11-18T21:22:46","date_gmt":"2023-11-18T20:22:46","guid":{"rendered":"https:\/\/esenciadeloalto.ideaec.website\/?page_id=5536"},"modified":"2023-11-28T22:48:01","modified_gmt":"2023-11-28T21:48:01","slug":"nosotros","status":"publish","type":"page","link":"https:\/\/esenciadeloalto.ideaec.website\/index.php\/nosotros\/","title":{"rendered":"Nosotros"},"content":{"rendered":"\t\t<div data-elementor-type=\"wp-page\" data-elementor-id=\"5536\" class=\"elementor elementor-5536\">\n\t\t\t\t\t\t\t<div class=\"elementor-element elementor-element-3d1b213 e-flex e-con-boxed e-con e-parent\" data-id=\"3d1b213\" data-element_type=\"container\" data-settings=\"{&quot;background_background&quot;:&quot;gradient&quot;,&quot;content_width&quot;:&quot;boxed&quot;}\" data-core-v316-plus=\"true\">\n\t\t\t\t\t<div class=\"e-con-inner\">\n\t\t\t\t<div class=\"elementor-element elementor-element-649b6d0 elementor-invisible elementor-widget elementor-widget-heading\" data-id=\"649b6d0\" data-element_type=\"widget\" data-settings=\"{&quot;_animation&quot;:&quot;slideInRight&quot;}\" data-widget_type=\"heading.default\">\n\t\t\t\t<div class=\"elementor-widget-container\">\n\t\t\t<style>\/*! elementor - v3.17.0 - 08-11-2023 *\/\n.elementor-heading-title{padding:0;margin:0;line-height:1}.elementor-widget-heading .elementor-heading-title[class*=elementor-size-]>a{color:inherit;font-size:inherit;line-height:inherit}.elementor-widget-heading .elementor-heading-title.elementor-size-small{font-size:15px}.elementor-widget-heading .elementor-heading-title.elementor-size-medium{font-size:19px}.elementor-widget-heading .elementor-heading-title.elementor-size-large{font-size:29px}.elementor-widget-heading .elementor-heading-title.elementor-size-xl{font-size:39px}.elementor-widget-heading .elementor-heading-title.elementor-size-xxl{font-size:59px}<\/style><h2 class=\"elementor-heading-title elementor-size-xl\">\u00a1Hola! Bienvenidos a Esencia de los Altos<\/h2>\t\t<\/div>\n\t\t\t\t<\/div>\n\t\t\t\t\t<\/div>\n\t\t\t\t<\/div>\n\t\t<div class=\"elementor-element elementor-element-aaae9e2 e-flex e-con-boxed elementor-invisible e-con e-parent\" data-id=\"aaae9e2\" data-element_type=\"container\" data-settings=\"{&quot;background_background&quot;:&quot;gradient&quot;,&quot;animation&quot;:&quot;fadeInUp&quot;,&quot;animation_tablet&quot;:&quot;fadeInUp&quot;,&quot;content_width&quot;:&quot;boxed&quot;}\" data-core-v316-plus=\"true\">\n\t\t\t\t\t<div class=\"e-con-inner\">\n\t\t<div class=\"elementor-element elementor-element-638cba4 e-con-full e-flex e-con e-child\" data-id=\"638cba4\" data-element_type=\"container\" data-settings=\"{&quot;content_width&quot;:&quot;full&quot;}\">\n\t\t\t\t<div class=\"elementor-element elementor-element-152ded6 elementor-widget elementor-widget-image\" data-id=\"152ded6\" data-element_type=\"widget\" data-widget_type=\"image.default\">\n\t\t\t\t<div class=\"elementor-widget-container\">\n\t\t\t<style>\/*! elementor - v3.17.0 - 08-11-2023 *\/\n.elementor-widget-image{text-align:center}.elementor-widget-image a{display:inline-block}.elementor-widget-image a img[src$=\".svg\"]{width:48px}.elementor-widget-image img{vertical-align:middle;display:inline-block}<\/style>\t\t\t\t\t\t\t\t\t\t\t\t<img fetchpriority=\"high\" decoding=\"async\" width=\"1024\" height=\"1024\" src=\"https:\/\/esenciadeloalto.ideaec.website\/wp-content\/uploads\/2023\/11\/Diseno-sin-titulo-5-1024x1024.png\" class=\"attachment-large size-large wp-image-5707\" alt=\"SEMILLA, ESPECIAS\" srcset=\"https:\/\/esenciadeloalto.ideaec.website\/wp-content\/uploads\/2023\/11\/Diseno-sin-titulo-5-1024x1024.png 1024w, https:\/\/esenciadeloalto.ideaec.website\/wp-content\/uploads\/2023\/11\/Diseno-sin-titulo-5-300x300.png 300w, https:\/\/esenciadeloalto.ideaec.website\/wp-content\/uploads\/2023\/11\/Diseno-sin-titulo-5-150x150.png 150w, https:\/\/esenciadeloalto.ideaec.website\/wp-content\/uploads\/2023\/11\/Diseno-sin-titulo-5-768x768.png 768w, https:\/\/esenciadeloalto.ideaec.website\/wp-content\/uploads\/2023\/11\/Diseno-sin-titulo-5-600x600.png 600w, https:\/\/esenciadeloalto.ideaec.website\/wp-content\/uploads\/2023\/11\/Diseno-sin-titulo-5-100x100.png 100w, https:\/\/esenciadeloalto.ideaec.website\/wp-content\/uploads\/2023\/11\/Diseno-sin-titulo-5.png 1080w\" sizes=\"(max-width: 1024px) 100vw, 1024px\" \/>\t\t\t\t\t\t\t\t\t\t\t\t\t\t\t<\/div>\n\t\t\t\t<\/div>\n\t\t\t\t<\/div>\n\t\t<div class=\"elementor-element elementor-element-4b26570 e-con-full e-flex e-con e-child\" data-id=\"4b26570\" data-element_type=\"container\" data-settings=\"{&quot;content_width&quot;:&quot;full&quot;}\">\n\t\t\t\t<div class=\"elementor-element elementor-element-406a164 elementor-widget elementor-widget-text-editor\" data-id=\"406a164\" data-element_type=\"widget\" data-widget_type=\"text-editor.default\">\n\t\t\t\t<div class=\"elementor-widget-container\">\n\t\t\t<style>\/*! elementor - v3.17.0 - 08-11-2023 *\/\n.elementor-widget-text-editor.elementor-drop-cap-view-stacked .elementor-drop-cap{background-color:#69727d;color:#fff}.elementor-widget-text-editor.elementor-drop-cap-view-framed .elementor-drop-cap{color:#69727d;border:3px solid;background-color:transparent}.elementor-widget-text-editor:not(.elementor-drop-cap-view-default) .elementor-drop-cap{margin-top:8px}.elementor-widget-text-editor:not(.elementor-drop-cap-view-default) .elementor-drop-cap-letter{width:1em;height:1em}.elementor-widget-text-editor .elementor-drop-cap{float:left;text-align:center;line-height:1;font-size:50px}.elementor-widget-text-editor .elementor-drop-cap-letter{display:inline-block}<\/style>\t\t\t\t<p>Hace 22 a\u00f1os, en un rinc\u00f3n de la monta\u00f1as de Argentina, con una visi\u00f3n y una pizca de audacia, Manuel comenz\u00f3 una peque\u00f1a empresa de especias, proveyendo en sus inicios a clientes mayoristas<\/p><p>En el a\u00f1o 2018, el se\u00f1or Manuel con su esposa Gissella bautizaron a las especias como &#8220;Esencia de los Altos&#8221;, por ser un regalo de las monta\u00f1as de Argentina, cosechadas en las alturas. Como un poema a la naturaleza, proveen la esencia pura, sin mezclas, ni alteraciones. Su logo lleva una monta\u00f1a, como s\u00edmbolo de sus ra\u00edces y su compromiso con la pureza. Sus primeras especias fueron el piment\u00f3n, el aj\u00ed, el or\u00e9gano y el comino. Con el tiempo, su cat\u00e1logo creci\u00f3 para incluir suplementos naturales.\u00a0<\/p><p>En el 2023, adquirieron la empresa SEMILLAS, que tiene el concepto de un mercado familiar donde tienen como marca principal a &#8220;Esencia de los Altos&#8221; para distribuir al cliente minorista.<\/p>\t\t\t\t\t\t<\/div>\n\t\t\t\t<\/div>\n\t\t\t\t<\/div>\n\t\t\t\t\t<\/div>\n\t\t\t\t<\/div>\n\t\t<div class=\"elementor-element elementor-element-d080057 e-flex e-con-boxed elementor-invisible e-con e-parent\" data-id=\"d080057\" data-element_type=\"container\" data-settings=\"{&quot;animation&quot;:&quot;fadeInUp&quot;,&quot;content_width&quot;:&quot;boxed&quot;}\" data-core-v316-plus=\"true\">\n\t\t\t\t\t<div class=\"e-con-inner\">\n\t\t\t\t<div class=\"elementor-element elementor-element-f1d5d96 elementor-widget elementor-widget-heading\" data-id=\"f1d5d96\" data-element_type=\"widget\" data-settings=\"{&quot;_animation_tablet&quot;:&quot;fadeInRight&quot;}\" data-widget_type=\"heading.default\">\n\t\t\t\t<div class=\"elementor-widget-container\">\n\t\t\t<h2 class=\"elementor-heading-title elementor-size-xl\">\u00bfPorqu\u00e9 Esencia de los altos?<\/h2>\t\t<\/div>\n\t\t\t\t<\/div>\n\t\t\t\t\t<\/div>\n\t\t\t\t<\/div>\n\t\t<div class=\"elementor-element elementor-element-ea13c08 e-flex e-con-boxed elementor-invisible e-con e-parent\" data-id=\"ea13c08\" data-element_type=\"container\" data-settings=\"{&quot;animation&quot;:&quot;fadeInUp&quot;,&quot;animation_tablet&quot;:&quot;fadeInUp&quot;,&quot;content_width&quot;:&quot;boxed&quot;}\" data-core-v316-plus=\"true\">\n\t\t\t\t\t<div class=\"e-con-inner\">\n\t\t<div class=\"elementor-element elementor-element-8f71f4e e-con-full e-flex e-con e-child\" data-id=\"8f71f4e\" data-element_type=\"container\" data-settings=\"{&quot;content_width&quot;:&quot;full&quot;}\">\n\t\t\t\t<div class=\"elementor-element elementor-element-77a9336 elementor-widget elementor-widget-image\" data-id=\"77a9336\" data-element_type=\"widget\" data-widget_type=\"image.default\">\n\t\t\t\t<div class=\"elementor-widget-container\">\n\t\t\t\t\t\t\t\t\t\t\t\t\t\t\t<img decoding=\"async\" width=\"1024\" height=\"1024\" src=\"https:\/\/esenciadeloalto.ideaec.website\/wp-content\/uploads\/2023\/11\/Diseno-sin-titulo-7-1024x1024.png\" class=\"attachment-large size-large wp-image-5730\" alt=\"\" srcset=\"https:\/\/esenciadeloalto.ideaec.website\/wp-content\/uploads\/2023\/11\/Diseno-sin-titulo-7-1024x1024.png 1024w, https:\/\/esenciadeloalto.ideaec.website\/wp-content\/uploads\/2023\/11\/Diseno-sin-titulo-7-300x300.png 300w, https:\/\/esenciadeloalto.ideaec.website\/wp-content\/uploads\/2023\/11\/Diseno-sin-titulo-7-150x150.png 150w, https:\/\/esenciadeloalto.ideaec.website\/wp-content\/uploads\/2023\/11\/Diseno-sin-titulo-7-768x768.png 768w, https:\/\/esenciadeloalto.ideaec.website\/wp-content\/uploads\/2023\/11\/Diseno-sin-titulo-7-600x600.png 600w, https:\/\/esenciadeloalto.ideaec.website\/wp-content\/uploads\/2023\/11\/Diseno-sin-titulo-7-100x100.png 100w, https:\/\/esenciadeloalto.ideaec.website\/wp-content\/uploads\/2023\/11\/Diseno-sin-titulo-7.png 1080w\" sizes=\"(max-width: 1024px) 100vw, 1024px\" \/>\t\t\t\t\t\t\t\t\t\t\t\t\t\t\t<\/div>\n\t\t\t\t<\/div>\n\t\t\t\t<\/div>\n\t\t<div class=\"elementor-element elementor-element-ad8d9b9 e-con-full e-flex e-con e-child\" data-id=\"ad8d9b9\" data-element_type=\"container\" data-settings=\"{&quot;content_width&quot;:&quot;full&quot;}\">\n\t\t\t\t<div class=\"elementor-element elementor-element-5505a46 elementor-widget elementor-widget-text-editor\" data-id=\"5505a46\" data-element_type=\"widget\" data-widget_type=\"text-editor.default\">\n\t\t\t\t<div class=\"elementor-widget-container\">\n\t\t\t\t\t\t\t<div class=\"intelli-bots-avatar-with-knowledge-chat-runs\"><div class=\"intelli-bots-avatar-with-knowledge-run-list smooth-scroll\"><div class=\"intelli-bots-avatar-with-knowledge-run nm-material-theme nm-text-regular ng-tns-c344-42 ng-trigger ng-trigger-runAnimation justify-content-start\"><div class=\"intelli-bots-avatar-with-knowledge-run-response ng-tns-c344-42 ng-star-inserted\"><div class=\"intelli-bots-avatar-with-knowledge-run-response-text ng-tns-c344-42\">En Especias de los Altos, nos enorgullece ser una empresa ecol\u00f3gica y responsable, comprometida con la pureza y la calidad de cada esencia y producto que ofrecemos. Nos esforzamos por garantizar que cada esencia sea 100% pura, sin mezclas, para proporcionar a nuestros clientes solo lo mejor de la naturaleza.<\/div><div>\u00a0<\/div><div class=\"intelli-bots-avatar-with-knowledge-run-response-text ng-tns-c344-42\">Pero no solo nos preocupamos por nuestros productos, tambi\u00e9n nos preocupamos por nuestros clientes. Cada cliente recibe asesoramiento personalizado, asegur\u00e1ndonos de que reciban exactamente lo que necesitan. No somos solo un proveedor de especias, somos un compa\u00f1ero en su viaje culinario, ayud\u00e1ndote a descubrir y explorar nuevos sabores y experiencias. Elegir Especias de los Altos significa elegir calidad, pureza y un servicio al cliente excepcional.<\/div><div>\u00a0<\/div><div class=\"intelli-bots-avatar-with-knowledge-run-response-text ng-tns-c344-42\">Significa elegir una empresa que valora la sostenibilidad y la responsabilidad tanto como usted. Significa elegir una experiencia culinaria enriquecedora y aut\u00e9ntica.<\/div><\/div><\/div><\/div><\/div>\t\t\t\t\t\t<\/div>\n\t\t\t\t<\/div>\n\t\t\t\t<\/div>\n\t\t\t\t\t<\/div>\n\t\t\t\t<\/div>\n\t\t<div class=\"elementor-element elementor-element-7873423 e-flex e-con-boxed e-con e-parent\" data-id=\"7873423\" data-element_type=\"container\" data-settings=\"{&quot;content_width&quot;:&quot;boxed&quot;}\" data-core-v316-plus=\"true\">\n\t\t\t\t\t<div class=\"e-con-inner\">\n\t\t<div class=\"elementor-element elementor-element-62250d7 e-con-full e-flex e-con e-child\" data-id=\"62250d7\" data-element_type=\"container\" data-settings=\"{&quot;content_width&quot;:&quot;full&quot;}\">\n\t\t\t\t<div class=\"elementor-element elementor-element-e882b31 elementor-widget elementor-widget-video\" data-id=\"e882b31\" data-element_type=\"widget\" data-settings=\"{&quot;video_type&quot;:&quot;hosted&quot;,&quot;autoplay&quot;:&quot;yes&quot;,&quot;play_on_mobile&quot;:&quot;yes&quot;,&quot;controls&quot;:&quot;yes&quot;}\" data-widget_type=\"video.default\">\n\t\t\t\t<div class=\"elementor-widget-container\">\n\t\t\t<style>\/*! elementor - v3.17.0 - 08-11-2023 *\/\n.elementor-widget-video .elementor-widget-container{overflow:hidden;transform:translateZ(0)}.elementor-widget-video .elementor-wrapper{aspect-ratio:var(--video-aspect-ratio)}.elementor-widget-video .elementor-wrapper iframe,.elementor-widget-video .elementor-wrapper video{height:100%;width:100%;display:flex;border:none;background-color:#000}@supports not (aspect-ratio:1\/1){.elementor-widget-video .elementor-wrapper{position:relative;overflow:hidden;height:0;padding-bottom:calc(100% \/ var(--video-aspect-ratio))}.elementor-widget-video .elementor-wrapper iframe,.elementor-widget-video .elementor-wrapper video{position:absolute;top:0;right:0;bottom:0;left:0}}.elementor-widget-video .elementor-open-inline .elementor-custom-embed-image-overlay{position:absolute;top:0;right:0;bottom:0;left:0;background-size:cover;background-position:50%}.elementor-widget-video .elementor-custom-embed-image-overlay{cursor:pointer;text-align:center}.elementor-widget-video .elementor-custom-embed-image-overlay:hover .elementor-custom-embed-play i{opacity:1}.elementor-widget-video .elementor-custom-embed-image-overlay img{display:block;width:100%;aspect-ratio:var(--video-aspect-ratio);-o-object-fit:cover;object-fit:cover;-o-object-position:center center;object-position:center center}@supports not (aspect-ratio:1\/1){.elementor-widget-video .elementor-custom-embed-image-overlay{position:relative;overflow:hidden;height:0;padding-bottom:calc(100% \/ var(--video-aspect-ratio))}.elementor-widget-video .elementor-custom-embed-image-overlay img{position:absolute;top:0;right:0;bottom:0;left:0}}.elementor-widget-video .e-hosted-video .elementor-video{-o-object-fit:cover;object-fit:cover}.e-con-inner>.elementor-widget-video,.e-con>.elementor-widget-video{width:var(--container-widget-width);--flex-grow:var(--container-widget-flex-grow)}<\/style>\t\t<div class=\"e-hosted-video elementor-wrapper elementor-open-inline\">\n\t\t\t\t\t<video class=\"elementor-video\" src=\"https:\/\/esenciadeloalto.ideaec.website\/wp-content\/uploads\/2023\/11\/SPOT-1-LA-SEMILLA-1.mp4\" autoplay=\"\" controls=\"\" playsinline=\"\" controlsList=\"nodownload\"><\/video>\n\t\t\t\t<\/div>\n\t\t\t\t<\/div>\n\t\t\t\t<\/div>\n\t\t\t\t<\/div>\n\t\t<div class=\"elementor-element elementor-element-aa33c16 e-con-full e-flex e-con e-child\" data-id=\"aa33c16\" data-element_type=\"container\" data-settings=\"{&quot;content_width&quot;:&quot;full&quot;}\">\n\t\t\t\t<div class=\"elementor-element elementor-element-e79f5f7 elementor-widget elementor-widget-image\" data-id=\"e79f5f7\" data-element_type=\"widget\" data-widget_type=\"image.default\">\n\t\t\t\t<div class=\"elementor-widget-container\">\n\t\t\t\t\t\t\t\t\t\t\t\t\t\t\t<img decoding=\"async\" width=\"1024\" height=\"314\" src=\"https:\/\/esenciadeloalto.ideaec.website\/wp-content\/uploads\/2023\/11\/RE-Na-14295164-1-1-e1701181432200-1024x314.png\" class=\"attachment-large size-large wp-image-6230\" alt=\"\" srcset=\"https:\/\/esenciadeloalto.ideaec.website\/wp-content\/uploads\/2023\/11\/RE-Na-14295164-1-1-e1701181432200-1024x314.png 1024w, https:\/\/esenciadeloalto.ideaec.website\/wp-content\/uploads\/2023\/11\/RE-Na-14295164-1-1-e1701181432200-300x92.png 300w, https:\/\/esenciadeloalto.ideaec.website\/wp-content\/uploads\/2023\/11\/RE-Na-14295164-1-1-e1701181432200-768x235.png 768w, https:\/\/esenciadeloalto.ideaec.website\/wp-content\/uploads\/2023\/11\/RE-Na-14295164-1-1-e1701181432200-600x184.png 600w, https:\/\/esenciadeloalto.ideaec.website\/wp-content\/uploads\/2023\/11\/RE-Na-14295164-1-1-e1701181432200.png 1080w\" sizes=\"(max-width: 1024px) 100vw, 1024px\" \/>\t\t\t\t\t\t\t\t\t\t\t\t\t\t\t<\/div>\n\t\t\t\t<\/div>\n\t\t\t\t<\/div>\n\t\t\t\t\t<\/div>\n\t\t\t\t<\/div>\n\t\t\t\t\t\t\t<\/div>\n\t\t","protected":false},"excerpt":{"rendered":"<p>\u00a1Hola! Bienvenidos a Esencia de los Altos Hace 22 a\u00f1os, en un rinc\u00f3n de la monta\u00f1as de Argentina, con una visi\u00f3n y una pizca de audacia, Manuel comenz\u00f3 una peque\u00f1a empresa de especias, proveyendo en sus inicios a clientes mayoristas En el a\u00f1o 2018, el se\u00f1or Manuel con su esposa Gissella bautizaron a las especias &hellip;<\/p>\n<p class=\"read-more\"> <a class=\"\" href=\"https:\/\/esenciadeloalto.ideaec.website\/index.php\/nosotros\/\"> <span class=\"screen-reader-text\">Nosotros<\/span> Read More &raquo;<\/a><\/p>\n","protected":false},"author":1,"featured_media":0,"parent":0,"menu_order":0,"comment_status":"closed","ping_status":"closed","template":"","meta":{"_uag_custom_page_level_css":"","site-sidebar-layout":"no-sidebar","site-content-layout":"page-builder","ast-site-content-layout":"full-width-container","site-content-style":"default","site-sidebar-style":"default","ast-global-header-display":"","ast-banner-title-visibility":"","ast-main-header-display":"","ast-hfb-above-header-display":"","ast-hfb-below-header-display":"","ast-hfb-mobile-header-display":"","site-post-title":"disabled","ast-breadcrumbs-content":"","ast-featured-img":"disabled","footer-sml-layout":"","theme-transparent-header-meta":"","adv-header-id-meta":"","stick-header-meta":"","header-above-stick-meta":"","header-main-stick-meta":"","header-below-stick-meta":"","astra-migrate-meta-layouts":"set","ast-page-background-enabled":"default","ast-page-background-meta":{"desktop":{"background-color":"","background-image":"","background-repeat":"repeat","background-position":"center center","background-size":"auto","background-attachment":"scroll","background-type":"","background-media":"","overlay-type":"","overlay-color":"","overlay-gradient":""},"tablet":{"background-color":"","background-image":"","background-repeat":"repeat","background-position":"center center","background-size":"auto","background-attachment":"scroll","background-type":"","background-media":"","overlay-type":"","overlay-color":"","overlay-gradient":""},"mobile":{"background-color":"","background-image":"","background-repeat":"repeat","background-position":"center center","background-size":"auto","background-attachment":"scroll","background-type":"","background-media":"","overlay-type":"","overlay-color":"","overlay-gradient":""}},"ast-content-background-meta":{"desktop":{"background-color":"var(--ast-global-color-5)","background-image":"","background-repeat":"repeat","background-position":"center center","background-size":"auto","background-attachment":"scroll","background-type":"","background-media":"","overlay-type":"","overlay-color":"","overlay-gradient":""},"tablet":{"background-color":"var(--ast-global-color-5)","background-image":"","background-repeat":"repeat","background-position":"center center","background-size":"auto","background-attachment":"scroll","background-type":"","background-media":"","overlay-type":"","overlay-color":"","overlay-gradient":""},"mobile":{"background-color":"var(--ast-global-color-5)","background-image":"","background-repeat":"repeat","background-position":"center center","background-size":"auto","background-attachment":"scroll","background-type":"","background-media":"","overlay-type":"","overlay-color":"","overlay-gradient":""}},"footnotes":""},"uagb_featured_image_src":{"full":false,"thumbnail":false,"medium":false,"medium_large":false,"large":false,"1536x1536":false,"2048x2048":false,"woocommerce_thumbnail":false,"woocommerce_single":false,"woocommerce_gallery_thumbnail":false},"uagb_author_info":{"display_name":"ideaecpy","author_link":"https:\/\/esenciadeloalto.ideaec.website\/index.php\/author\/ideaecpy\/"},"uagb_comment_info":0,"uagb_excerpt":"\u00a1Hola! Bienvenidos a Esencia de los Altos Hace 22 a\u00f1os, en un rinc\u00f3n de la monta\u00f1as de Argentina, con una visi\u00f3n y una pizca de audacia, Manuel comenz\u00f3 una peque\u00f1a empresa de especias, proveyendo en sus inicios a clientes mayoristas En el a\u00f1o 2018, el se\u00f1or Manuel con su esposa Gissella bautizaron a las especias&hellip;","_links":{"self":[{"href":"https:\/\/esenciadeloalto.ideaec.website\/index.php\/wp-json\/wp\/v2\/pages\/5536"}],"collection":[{"href":"https:\/\/esenciadeloalto.ideaec.website\/index.php\/wp-json\/wp\/v2\/pages"}],"about":[{"href":"https:\/\/esenciadeloalto.ideaec.website\/index.php\/wp-json\/wp\/v2\/types\/page"}],"author":[{"embeddable":true,"href":"https:\/\/esenciadeloalto.ideaec.website\/index.php\/wp-json\/wp\/v2\/users\/1"}],"replies":[{"embeddable":true,"href":"https:\/\/esenciadeloalto.ideaec.website\/index.php\/wp-json\/wp\/v2\/comments?post=5536"}],"version-history":[{"count":118,"href":"https:\/\/esenciadeloalto.ideaec.website\/index.php\/wp-json\/wp\/v2\/pages\/5536\/revisions"}],"predecessor-version":[{"id":6468,"href":"https:\/\/esenciadeloalto.ideaec.website\/index.php\/wp-json\/wp\/v2\/pages\/5536\/revisions\/6468"}],"wp:attachment":[{"href":"https:\/\/esenciadeloalto.ideaec.website\/index.php\/wp-json\/wp\/v2\/media?parent=5536"}],"curies":[{"name":"wp","href":"https:\/\/api.w.org\/{rel}","templated":true}]}}