{"id":6243,"date":"2023-11-28T15:38:18","date_gmt":"2023-11-28T14:38:18","guid":{"rendered":"https:\/\/esenciadeloalto.ideaec.website\/?page_id=6243"},"modified":"2023-11-29T19:16:06","modified_gmt":"2023-11-29T18:16:06","slug":"endulzantes","status":"publish","type":"page","link":"https:\/\/esenciadeloalto.ideaec.website\/index.php\/endulzantes\/","title":{"rendered":"Endulzante Natural"},"content":{"rendered":"\t\t<div data-elementor-type=\"wp-page\" data-elementor-id=\"6243\" class=\"elementor elementor-6243\">\n\t\t\t\t\t\t\t<div class=\"elementor-element elementor-element-ca01aaf e-flex e-con-boxed elementor-invisible e-con e-parent\" data-id=\"ca01aaf\" data-element_type=\"container\" data-settings=\"{&quot;background_background&quot;:&quot;slideshow&quot;,&quot;background_slideshow_gallery&quot;:[{&quot;id&quot;:6224,&quot;url&quot;:&quot;https:\\\/\\\/esenciadeloalto.ideaec.website\\\/wp-content\\\/uploads\\\/2023\\\/11\\\/te-stevia-vaso-sobre-mesa-scaled.jpg&quot;}],&quot;animation&quot;:&quot;fadeInUp&quot;,&quot;content_width&quot;:&quot;boxed&quot;,&quot;background_slideshow_loop&quot;:&quot;yes&quot;,&quot;background_slideshow_slide_duration&quot;:5000,&quot;background_slideshow_slide_transition&quot;:&quot;fade&quot;,&quot;background_slideshow_transition_duration&quot;:500}\" data-core-v316-plus=\"true\">\n\t\t\t\t\t<div class=\"e-con-inner\">\n\t\t\t\t<div class=\"elementor-element elementor-element-65318a3 elementor-widget elementor-widget-heading\" data-id=\"65318a3\" data-element_type=\"widget\" data-widget_type=\"heading.default\">\n\t\t\t\t<div class=\"elementor-widget-container\">\n\t\t\t<style>\/*! elementor - v3.17.0 - 08-11-2023 *\/\n.elementor-heading-title{padding:0;margin:0;line-height:1}.elementor-widget-heading .elementor-heading-title[class*=elementor-size-]>a{color:inherit;font-size:inherit;line-height:inherit}.elementor-widget-heading .elementor-heading-title.elementor-size-small{font-size:15px}.elementor-widget-heading .elementor-heading-title.elementor-size-medium{font-size:19px}.elementor-widget-heading .elementor-heading-title.elementor-size-large{font-size:29px}.elementor-widget-heading .elementor-heading-title.elementor-size-xl{font-size:39px}.elementor-widget-heading .elementor-heading-title.elementor-size-xxl{font-size:59px}<\/style><h2 class=\"elementor-heading-title elementor-size-default\">Endulzante Natural<\/h2>\t\t<\/div>\n\t\t\t\t<\/div>\n\t\t\t\t<div class=\"elementor-element elementor-element-c069905 elementor-widget elementor-widget-text-editor\" data-id=\"c069905\" data-element_type=\"widget\" data-widget_type=\"text-editor.default\">\n\t\t\t\t<div class=\"elementor-widget-container\">\n\t\t\t<style>\/*! elementor - v3.17.0 - 08-11-2023 *\/\n.elementor-widget-text-editor.elementor-drop-cap-view-stacked .elementor-drop-cap{background-color:#69727d;color:#fff}.elementor-widget-text-editor.elementor-drop-cap-view-framed .elementor-drop-cap{color:#69727d;border:3px solid;background-color:transparent}.elementor-widget-text-editor:not(.elementor-drop-cap-view-default) .elementor-drop-cap{margin-top:8px}.elementor-widget-text-editor:not(.elementor-drop-cap-view-default) .elementor-drop-cap-letter{width:1em;height:1em}.elementor-widget-text-editor .elementor-drop-cap{float:left;text-align:center;line-height:1;font-size:50px}.elementor-widget-text-editor .elementor-drop-cap-letter{display:inline-block}<\/style>\t\t\t\t<p>&#8220;\u00a1Dulzura natural, vida saludable! Nuestro endulzante natural es la elecci\u00f3n perfecta para satisfacer tus antojos dulces sin comprometer tu bienestar.&#8221;<\/p>\t\t\t\t\t\t<\/div>\n\t\t\t\t<\/div>\n\t\t\t\t\t<\/div>\n\t\t\t\t<\/div>\n\t\t<div class=\"elementor-element elementor-element-becdc65 e-flex e-con-boxed elementor-invisible e-con e-parent\" data-id=\"becdc65\" data-element_type=\"container\" data-settings=\"{&quot;animation&quot;:&quot;fadeInLeft&quot;,&quot;content_width&quot;:&quot;boxed&quot;}\" data-core-v316-plus=\"true\">\n\t\t\t\t\t<div class=\"e-con-inner\">\n\t\t<div class=\"elementor-element elementor-element-e628173 e-con-full e-flex e-con e-child\" data-id=\"e628173\" data-element_type=\"container\" data-settings=\"{&quot;content_width&quot;:&quot;full&quot;}\">\n\t\t\t\t<div class=\"elementor-element elementor-element-0abad76 elementor-widget elementor-widget-image\" data-id=\"0abad76\" data-element_type=\"widget\" data-widget_type=\"image.default\">\n\t\t\t\t<div class=\"elementor-widget-container\">\n\t\t\t<style>\/*! elementor - v3.17.0 - 08-11-2023 *\/\n.elementor-widget-image{text-align:center}.elementor-widget-image a{display:inline-block}.elementor-widget-image a img[src$=\".svg\"]{width:48px}.elementor-widget-image img{vertical-align:middle;display:inline-block}<\/style>\t\t\t\t\t\t\t\t\t\t\t\t<img decoding=\"async\" width=\"160\" height=\"159\" src=\"https:\/\/esenciadeloalto.ideaec.website\/wp-content\/uploads\/2023\/11\/CATALOGO.pdf-2023-11-28T145503.295.png\" class=\"attachment-large size-large wp-image-6297\" alt=\"AZ\u00daCAR DE COCO\" srcset=\"https:\/\/esenciadeloalto.ideaec.website\/wp-content\/uploads\/2023\/11\/CATALOGO.pdf-2023-11-28T145503.295.png 160w, https:\/\/esenciadeloalto.ideaec.website\/wp-content\/uploads\/2023\/11\/CATALOGO.pdf-2023-11-28T145503.295-150x150.png 150w, https:\/\/esenciadeloalto.ideaec.website\/wp-content\/uploads\/2023\/11\/CATALOGO.pdf-2023-11-28T145503.295-100x100.png 100w\" sizes=\"(max-width: 160px) 100vw, 160px\" \/>\t\t\t\t\t\t\t\t\t\t\t\t\t\t\t<\/div>\n\t\t\t\t<\/div>\n\t\t\t\t<div class=\"elementor-element elementor-element-d2e0c0d elementor-widget elementor-widget-heading\" data-id=\"d2e0c0d\" data-element_type=\"widget\" data-widget_type=\"heading.default\">\n\t\t\t\t<div class=\"elementor-widget-container\">\n\t\t\t<h2 class=\"elementor-heading-title elementor-size-medium\">AZ\u00daCAR DE COCO<\/h2>\t\t<\/div>\n\t\t\t\t<\/div>\n\t\t\t\t<\/div>\n\t\t<div class=\"elementor-element elementor-element-1e0a9a8 e-con-full e-flex e-con e-child\" data-id=\"1e0a9a8\" data-element_type=\"container\" data-settings=\"{&quot;content_width&quot;:&quot;full&quot;}\">\n\t\t\t\t<div class=\"elementor-element elementor-element-6610125 elementor-widget elementor-widget-image\" data-id=\"6610125\" data-element_type=\"widget\" data-widget_type=\"image.default\">\n\t\t\t\t<div class=\"elementor-widget-container\">\n\t\t\t\t\t\t\t\t\t\t\t\t\t\t\t<img decoding=\"async\" width=\"146\" height=\"147\" src=\"https:\/\/esenciadeloalto.ideaec.website\/wp-content\/uploads\/2023\/11\/CATALOGO.pdf-2023-11-28T145516.796.png\" class=\"attachment-large size-large wp-image-6302\" alt=\"AZ\u00daCAR MASCABO\" srcset=\"https:\/\/esenciadeloalto.ideaec.website\/wp-content\/uploads\/2023\/11\/CATALOGO.pdf-2023-11-28T145516.796.png 146w, https:\/\/esenciadeloalto.ideaec.website\/wp-content\/uploads\/2023\/11\/CATALOGO.pdf-2023-11-28T145516.796-100x100.png 100w\" sizes=\"(max-width: 146px) 100vw, 146px\" \/>\t\t\t\t\t\t\t\t\t\t\t\t\t\t\t<\/div>\n\t\t\t\t<\/div>\n\t\t\t\t<div class=\"elementor-element elementor-element-e7a3391 elementor-widget elementor-widget-heading\" data-id=\"e7a3391\" data-element_type=\"widget\" data-widget_type=\"heading.default\">\n\t\t\t\t<div class=\"elementor-widget-container\">\n\t\t\t<h2 class=\"elementor-heading-title elementor-size-medium\">AZ\u00daCAR MASCABO<\/h2>\t\t<\/div>\n\t\t\t\t<\/div>\n\t\t\t\t<\/div>\n\t\t<div class=\"elementor-element elementor-element-36cc919 e-con-full e-flex e-con e-child\" data-id=\"36cc919\" data-element_type=\"container\" data-settings=\"{&quot;content_width&quot;:&quot;full&quot;}\">\n\t\t\t\t<div class=\"elementor-element elementor-element-ce383be elementor-widget elementor-widget-image\" data-id=\"ce383be\" data-element_type=\"widget\" data-widget_type=\"image.default\">\n\t\t\t\t<div class=\"elementor-widget-container\">\n\t\t\t\t\t\t\t\t\t\t\t\t\t\t\t<img decoding=\"async\" width=\"146\" height=\"146\" src=\"https:\/\/esenciadeloalto.ideaec.website\/wp-content\/uploads\/2023\/11\/CATALOGO.pdf-2023-11-28T145640.440.png\" class=\"attachment-large size-large wp-image-6298\" alt=\"ERITRITOL\" srcset=\"https:\/\/esenciadeloalto.ideaec.website\/wp-content\/uploads\/2023\/11\/CATALOGO.pdf-2023-11-28T145640.440.png 146w, https:\/\/esenciadeloalto.ideaec.website\/wp-content\/uploads\/2023\/11\/CATALOGO.pdf-2023-11-28T145640.440-100x100.png 100w\" sizes=\"(max-width: 146px) 100vw, 146px\" \/>\t\t\t\t\t\t\t\t\t\t\t\t\t\t\t<\/div>\n\t\t\t\t<\/div>\n\t\t\t\t<div class=\"elementor-element elementor-element-e23ff29 elementor-widget elementor-widget-heading\" data-id=\"e23ff29\" data-element_type=\"widget\" data-widget_type=\"heading.default\">\n\t\t\t\t<div class=\"elementor-widget-container\">\n\t\t\t<h2 class=\"elementor-heading-title elementor-size-medium\">ERITRITOL<\/h2>\t\t<\/div>\n\t\t\t\t<\/div>\n\t\t\t\t<\/div>\n\t\t<div class=\"elementor-element elementor-element-96d0957 e-con-full e-flex e-con e-child\" data-id=\"96d0957\" data-element_type=\"container\" data-settings=\"{&quot;content_width&quot;:&quot;full&quot;}\">\n\t\t\t\t<div class=\"elementor-element elementor-element-bcc14e6 elementor-widget elementor-widget-image\" data-id=\"bcc14e6\" data-element_type=\"widget\" data-widget_type=\"image.default\">\n\t\t\t\t<div class=\"elementor-widget-container\">\n\t\t\t\t\t\t\t\t\t\t\t\t\t\t\t<img loading=\"lazy\" decoding=\"async\" width=\"146\" height=\"146\" src=\"https:\/\/esenciadeloalto.ideaec.website\/wp-content\/uploads\/2023\/11\/CATALOGO.pdf-2023-11-28T145603.934.png\" class=\"attachment-large size-large wp-image-6300\" alt=\"XILITOL\" srcset=\"https:\/\/esenciadeloalto.ideaec.website\/wp-content\/uploads\/2023\/11\/CATALOGO.pdf-2023-11-28T145603.934.png 146w, https:\/\/esenciadeloalto.ideaec.website\/wp-content\/uploads\/2023\/11\/CATALOGO.pdf-2023-11-28T145603.934-100x100.png 100w\" sizes=\"(max-width: 146px) 100vw, 146px\" \/>\t\t\t\t\t\t\t\t\t\t\t\t\t\t\t<\/div>\n\t\t\t\t<\/div>\n\t\t\t\t<div class=\"elementor-element elementor-element-26b7561 elementor-widget elementor-widget-heading\" data-id=\"26b7561\" data-element_type=\"widget\" data-widget_type=\"heading.default\">\n\t\t\t\t<div class=\"elementor-widget-container\">\n\t\t\t<h2 class=\"elementor-heading-title elementor-size-medium\">XILITOL<\/h2>\t\t<\/div>\n\t\t\t\t<\/div>\n\t\t\t\t<\/div>\n\t\t<div class=\"elementor-element elementor-element-c5a25ec e-con-full e-flex e-con e-child\" data-id=\"c5a25ec\" data-element_type=\"container\" data-settings=\"{&quot;content_width&quot;:&quot;full&quot;}\">\n\t\t\t\t<div class=\"elementor-element elementor-element-9e954cd elementor-widget elementor-widget-image\" data-id=\"9e954cd\" data-element_type=\"widget\" data-widget_type=\"image.default\">\n\t\t\t\t<div class=\"elementor-widget-container\">\n\t\t\t\t\t\t\t\t\t\t\t\t\t\t\t<img loading=\"lazy\" decoding=\"async\" width=\"146\" height=\"146\" src=\"https:\/\/esenciadeloalto.ideaec.website\/wp-content\/uploads\/2023\/11\/CATALOGO.pdf-2023-11-28T145623.621.png\" class=\"attachment-large size-large wp-image-6299\" alt=\"STEVIA\" srcset=\"https:\/\/esenciadeloalto.ideaec.website\/wp-content\/uploads\/2023\/11\/CATALOGO.pdf-2023-11-28T145623.621.png 146w, https:\/\/esenciadeloalto.ideaec.website\/wp-content\/uploads\/2023\/11\/CATALOGO.pdf-2023-11-28T145623.621-100x100.png 100w\" sizes=\"(max-width: 146px) 100vw, 146px\" \/>\t\t\t\t\t\t\t\t\t\t\t\t\t\t\t<\/div>\n\t\t\t\t<\/div>\n\t\t\t\t<div class=\"elementor-element elementor-element-c949ac0 elementor-widget elementor-widget-heading\" data-id=\"c949ac0\" data-element_type=\"widget\" data-widget_type=\"heading.default\">\n\t\t\t\t<div class=\"elementor-widget-container\">\n\t\t\t<h2 class=\"elementor-heading-title elementor-size-medium\">STEVIA<\/h2>\t\t<\/div>\n\t\t\t\t<\/div>\n\t\t\t\t<\/div>\n\t\t<div class=\"elementor-element elementor-element-48b0663 e-con-full e-flex e-con e-child\" data-id=\"48b0663\" data-element_type=\"container\" data-settings=\"{&quot;content_width&quot;:&quot;full&quot;}\">\n\t\t\t\t<div class=\"elementor-element elementor-element-fd1b526 elementor-widget elementor-widget-image\" data-id=\"fd1b526\" data-element_type=\"widget\" data-widget_type=\"image.default\">\n\t\t\t\t<div class=\"elementor-widget-container\">\n\t\t\t\t\t\t\t\t\t\t\t\t\t\t\t<img loading=\"lazy\" decoding=\"async\" width=\"146\" height=\"146\" src=\"https:\/\/esenciadeloalto.ideaec.website\/wp-content\/uploads\/2023\/11\/CATALOGO.pdf-2023-11-28T145539.386.png\" class=\"attachment-large size-large wp-image-6301\" alt=\"MALTITOL\" srcset=\"https:\/\/esenciadeloalto.ideaec.website\/wp-content\/uploads\/2023\/11\/CATALOGO.pdf-2023-11-28T145539.386.png 146w, https:\/\/esenciadeloalto.ideaec.website\/wp-content\/uploads\/2023\/11\/CATALOGO.pdf-2023-11-28T145539.386-100x100.png 100w\" sizes=\"(max-width: 146px) 100vw, 146px\" \/>\t\t\t\t\t\t\t\t\t\t\t\t\t\t\t<\/div>\n\t\t\t\t<\/div>\n\t\t\t\t<div class=\"elementor-element elementor-element-5bf7407 elementor-widget elementor-widget-heading\" data-id=\"5bf7407\" data-element_type=\"widget\" data-widget_type=\"heading.default\">\n\t\t\t\t<div class=\"elementor-widget-container\">\n\t\t\t<h2 class=\"elementor-heading-title elementor-size-medium\">MALTITOL<\/h2>\t\t<\/div>\n\t\t\t\t<\/div>\n\t\t\t\t<\/div>\n\t\t\t\t\t<\/div>\n\t\t\t\t<\/div>\n\t\t<div class=\"elementor-element elementor-element-3b0e2c6 e-flex e-con-boxed e-con e-parent\" data-id=\"3b0e2c6\" data-element_type=\"container\" data-settings=\"{&quot;content_width&quot;:&quot;boxed&quot;}\" data-core-v316-plus=\"true\">\n\t\t\t\t\t<div class=\"e-con-inner\">\n\t\t\t\t<div class=\"elementor-element elementor-element-8eac9ed elementor-align-center elementor-invisible elementor-widget elementor-widget-button\" data-id=\"8eac9ed\" data-element_type=\"widget\" data-settings=\"{&quot;_animation&quot;:&quot;fadeInUp&quot;}\" data-widget_type=\"button.default\">\n\t\t\t\t<div class=\"elementor-widget-container\">\n\t\t\t\t\t<div class=\"elementor-button-wrapper\">\n\t\t\t<a class=\"elementor-button elementor-button-link elementor-size-sm\" href=\"https:\/\/wa.link\/kein1f\">\n\t\t\t\t\t\t<span class=\"elementor-button-content-wrapper\">\n\t\t\t\t\t\t<span class=\"elementor-button-text\">Hacer pedido<\/span>\n\t\t<\/span>\n\t\t\t\t\t<\/a>\n\t\t<\/div>\n\t\t\t\t<\/div>\n\t\t\t\t<\/div>\n\t\t\t\t\t<\/div>\n\t\t\t\t<\/div>\n\t\t\t\t\t\t\t<\/div>\n\t\t","protected":false},"excerpt":{"rendered":"<p>Endulzante Natural &#8220;\u00a1Dulzura natural, vida saludable! Nuestro endulzante natural es la elecci\u00f3n perfecta para satisfacer tus antojos dulces sin comprometer tu bienestar.&#8221; AZ\u00daCAR DE COCO AZ\u00daCAR MASCABO ERITRITOL XILITOL STEVIA MALTITOL Hacer pedido<\/p>\n","protected":false},"author":1,"featured_media":0,"parent":0,"menu_order":0,"comment_status":"closed","ping_status":"closed","template":"","meta":{"_uag_custom_page_level_css":"","site-sidebar-layout":"no-sidebar","site-content-layout":"page-builder","ast-site-content-layout":"full-width-container","site-content-style":"default","site-sidebar-style":"default","ast-global-header-display":"","ast-banner-title-visibility":"","ast-main-header-display":"","ast-hfb-above-header-display":"","ast-hfb-below-header-display":"","ast-hfb-mobile-header-display":"","site-post-title":"disabled","ast-breadcrumbs-content":"","ast-featured-img":"disabled","footer-sml-layout":"","theme-transparent-header-meta":"","adv-header-id-meta":"","stick-header-meta":"","header-above-stick-meta":"","header-main-stick-meta":"","header-below-stick-meta":"","astra-migrate-meta-layouts":"set","ast-page-background-enabled":"default","ast-page-background-meta":{"desktop":{"background-color":"","background-image":"","background-repeat":"repeat","background-position":"center center","background-size":"auto","background-attachment":"scroll","background-type":"","background-media":"","overlay-type":"","overlay-color":"","overlay-gradient":""},"tablet":{"background-color":"","background-image":"","background-repeat":"repeat","background-position":"center center","background-size":"auto","background-attachment":"scroll","background-type":"","background-media":"","overlay-type":"","overlay-color":"","overlay-gradient":""},"mobile":{"background-color":"","background-image":"","background-repeat":"repeat","background-position":"center center","background-size":"auto","background-attachment":"scroll","background-type":"","background-media":"","overlay-type":"","overlay-color":"","overlay-gradient":""}},"ast-content-background-meta":{"desktop":{"background-color":"var(--ast-global-color-5)","background-image":"","background-repeat":"repeat","background-position":"center center","background-size":"auto","background-attachment":"scroll","background-type":"","background-media":"","overlay-type":"","overlay-color":"","overlay-gradient":""},"tablet":{"background-color":"var(--ast-global-color-5)","background-image":"","background-repeat":"repeat","background-position":"center center","background-size":"auto","background-attachment":"scroll","background-type":"","background-media":"","overlay-type":"","overlay-color":"","overlay-gradient":""},"mobile":{"background-color":"var(--ast-global-color-5)","background-image":"","background-repeat":"repeat","background-position":"center center","background-size":"auto","background-attachment":"scroll","background-type":"","background-media":"","overlay-type":"","overlay-color":"","overlay-gradient":""}},"footnotes":""},"uagb_featured_image_src":{"full":false,"thumbnail":false,"medium":false,"medium_large":false,"large":false,"1536x1536":false,"2048x2048":false,"woocommerce_thumbnail":false,"woocommerce_single":false,"woocommerce_gallery_thumbnail":false},"uagb_author_info":{"display_name":"ideaecpy","author_link":"https:\/\/esenciadeloalto.ideaec.website\/index.php\/author\/ideaecpy\/"},"uagb_comment_info":0,"uagb_excerpt":"Endulzante Natural &#8220;\u00a1Dulzura natural, vida saludable! Nuestro endulzante natural es la elecci\u00f3n perfecta para satisfacer tus antojos dulces sin comprometer tu bienestar.&#8221; AZ\u00daCAR DE COCO AZ\u00daCAR MASCABO ERITRITOL XILITOL STEVIA MALTITOL Hacer pedido","_links":{"self":[{"href":"https:\/\/esenciadeloalto.ideaec.website\/index.php\/wp-json\/wp\/v2\/pages\/6243"}],"collection":[{"href":"https:\/\/esenciadeloalto.ideaec.website\/index.php\/wp-json\/wp\/v2\/pages"}],"about":[{"href":"https:\/\/esenciadeloalto.ideaec.website\/index.php\/wp-json\/wp\/v2\/types\/page"}],"author":[{"embeddable":true,"href":"https:\/\/esenciadeloalto.ideaec.website\/index.php\/wp-json\/wp\/v2\/users\/1"}],"replies":[{"embeddable":true,"href":"https:\/\/esenciadeloalto.ideaec.website\/index.php\/wp-json\/wp\/v2\/comments?post=6243"}],"version-history":[{"count":20,"href":"https:\/\/esenciadeloalto.ideaec.website\/index.php\/wp-json\/wp\/v2\/pages\/6243\/revisions"}],"predecessor-version":[{"id":6562,"href":"https:\/\/esenciadeloalto.ideaec.website\/index.php\/wp-json\/wp\/v2\/pages\/6243\/revisions\/6562"}],"wp:attachment":[{"href":"https:\/\/esenciadeloalto.ideaec.website\/index.php\/wp-json\/wp\/v2\/media?parent=6243"}],"curies":[{"name":"wp","href":"https:\/\/api.w.org\/{rel}","templated":true}]}}